{"id":37,"date":"2023-12-27T20:55:36","date_gmt":"2023-12-27T19:55:36","guid":{"rendered":"https:\/\/obrabiarki-cnc.pl\/?page_id=37"},"modified":"2025-12-29T01:11:49","modified_gmt":"2025-12-29T00:11:49","slug":"oferta","status":"publish","type":"page","link":"https:\/\/obrabiarki-cnc.pl\/de\/angebot\/","title":{"rendered":"Angebot f\u00fcr CNC-Maschine"},"content":{"rendered":"<h1 class=\"wp-block-heading\"><a href=\"https:\/\/obrabiarki-cnc.pl\/de\/uber-das-unternehmen\/\">CNC-Maschinenfabrik<\/a> - <a href=\"https:\/\/obrabiarki-cnc.pl\/de\/https-obrabiarki-cnc-pl-oferta\/\">Obrabiarki Plotery Lasery<\/a> | <a href=\"https:\/\/obrabiarki-cnc.pl\/de\/oferta\/cnc-fraser-sentinel-serie-hat\/\">Plotery Tn\u0105ce<\/a> |<a href=\"http:\/\/WWW.WYPALARKA.PL\" target=\"_blank\" rel=\"noopener\">Plotery Laserowe<\/a>| <a href=\"https:\/\/cnc.sklep.pl\/kategoria-produktu\/maszyny-cnc\/\" target=\"_blank\" rel=\"noopener\">Cena CNC<\/a><\/h1>\n\n\n\n<p>Wyj\u0105tkowe maszyny CNC i plotery z Fabryki. Precyzyjna mechanika, prosta budowa. Sprawd\u017a ceny i zaufaj jako\u015b\u0107. Maszyny CNC dla profesjonalist\u00f3w. CNC to Maszyny sterowane numewycznie znane ju\u017c od wielu lat ale ich rozw\u00f3j niepor\u00f3wnywalny do maszyn znanych do tej pory. Ich mo\u017cliwo\u015bci robotyczne da\u0142y im mo\u017cliwo\u015bci obr\u00f3bcze o bardzo szerokiej skali od tradycyjnych mozliwo\u015bci skrawania do nanoszenia i druku 3D.<\/p>","protected":false},"excerpt":{"rendered":"<p>Fabryka Maszyn CNC - Obrabiarki Plotery Lasery | Plotery Tn\u0105ce |Plotery Laserowe| Cena CNC Wyj\u0105tkowe maszyny CNC i plotery z Fabryki. Precyzyjna mechanika, prosta budowa. Sprawd\u017a ceny i zaufaj jako\u015b\u0107. Maszyny CNC dla profesjonalist\u00f3w. CNC to Maszyny sterowane numewycznie znane ju\u017c od wielu lat ale ich rozw\u00f3j niepor\u00f3wnywalny do maszyn znanych do tej pory. Ich [&hellip;]<\/p>","protected":false},"author":3,"featured_media":0,"parent":0,"menu_order":0,"comment_status":"closed","ping_status":"closed","template":"","meta":{"_acf_changed":false,"inline_featured_image":false,"footnotes":""},"class_list":["post-37","page","type-page","status-publish","hentry"],"acf":[],"_links":{"self":[{"href":"https:\/\/obrabiarki-cnc.pl\/de\/wp-json\/wp\/v2\/pages\/37","targetHints":{"allow":["GET"]}}],"collection":[{"href":"https:\/\/obrabiarki-cnc.pl\/de\/wp-json\/wp\/v2\/pages"}],"about":[{"href":"https:\/\/obrabiarki-cnc.pl\/de\/wp-json\/wp\/v2\/types\/page"}],"author":[{"embeddable":true,"href":"https:\/\/obrabiarki-cnc.pl\/de\/wp-json\/wp\/v2\/users\/3"}],"replies":[{"embeddable":true,"href":"https:\/\/obrabiarki-cnc.pl\/de\/wp-json\/wp\/v2\/comments?post=37"}],"version-history":[{"count":0,"href":"https:\/\/obrabiarki-cnc.pl\/de\/wp-json\/wp\/v2\/pages\/37\/revisions"}],"wp:attachment":[{"href":"https:\/\/obrabiarki-cnc.pl\/de\/wp-json\/wp\/v2\/media?parent=37"}],"curies":[{"name":"wp","href":"https:\/\/api.w.org\/{rel}","templated":true}]}}