{"id":8,"date":"2023-12-12T20:37:50","date_gmt":"2023-12-12T19:37:50","guid":{"rendered":"https:\/\/obrabiarki-cnc.pl\/?page_id=8"},"modified":"2026-04-07T01:59:59","modified_gmt":"2026-04-06T23:59:59","slug":"strona-glowna","status":"publish","type":"page","link":"https:\/\/obrabiarki-cnc.pl\/de\/","title":{"rendered":"CNC Frezarki, CNC Obrabiarki, CNC Plotery, Centra obr\u00f3bcze, Ploter Tn\u0105cy. Producent maszyn CNC \"Fabryka Maszyn CNC\"  Serwis, Gwarancja, Maszyny CNC"},"content":{"rendered":"<p>W roku 2025 wypuszczamy nowe model modu\u0142owych Maszyn CNC, instalacja w trudnodost\u0119pnych miejscach i mo\u017cliwo\u015b\u0107 zwi\u0119kszania wyposa\u017cenia i obszaru roboczego, to wiele mo\u017cliwo\u015bci w jednej maszynie cnc.<\/p>\n\n\n\n<p><\/p>","protected":false},"excerpt":{"rendered":"<p>W roku 2025 wypuszczamy nowe model modu\u0142owych Maszyn CNC, instalacja w trudnodost\u0119pnych miejscach i mo\u017cliwo\u015b\u0107 zwi\u0119kszania wyposa\u017cenia i obszaru roboczego, to wiele mo\u017cliwo\u015bci w jednej maszynie cnc.<\/p>","protected":false},"author":3,"featured_media":715,"parent":0,"menu_order":0,"comment_status":"closed","ping_status":"closed","template":"","meta":{"_acf_changed":false,"inline_featured_image":false,"footnotes":""},"class_list":["post-8","page","type-page","status-publish","has-post-thumbnail","hentry"],"acf":[],"_links":{"self":[{"href":"https:\/\/obrabiarki-cnc.pl\/de\/wp-json\/wp\/v2\/pages\/8","targetHints":{"allow":["GET"]}}],"collection":[{"href":"https:\/\/obrabiarki-cnc.pl\/de\/wp-json\/wp\/v2\/pages"}],"about":[{"href":"https:\/\/obrabiarki-cnc.pl\/de\/wp-json\/wp\/v2\/types\/page"}],"author":[{"embeddable":true,"href":"https:\/\/obrabiarki-cnc.pl\/de\/wp-json\/wp\/v2\/users\/3"}],"replies":[{"embeddable":true,"href":"https:\/\/obrabiarki-cnc.pl\/de\/wp-json\/wp\/v2\/comments?post=8"}],"version-history":[{"count":9,"href":"https:\/\/obrabiarki-cnc.pl\/de\/wp-json\/wp\/v2\/pages\/8\/revisions"}],"predecessor-version":[{"id":1433,"href":"https:\/\/obrabiarki-cnc.pl\/de\/wp-json\/wp\/v2\/pages\/8\/revisions\/1433"}],"wp:featuredmedia":[{"embeddable":true,"href":"https:\/\/obrabiarki-cnc.pl\/de\/wp-json\/wp\/v2\/media\/715"}],"wp:attachment":[{"href":"https:\/\/obrabiarki-cnc.pl\/de\/wp-json\/wp\/v2\/media?parent=8"}],"curies":[{"name":"wp","href":"https:\/\/api.w.org\/{rel}","templated":true}]}}