{"id":49,"date":"2023-12-27T20:57:20","date_gmt":"2023-12-27T19:57:20","guid":{"rendered":"https:\/\/obrabiarki-cnc.pl\/?page_id=49"},"modified":"2026-01-06T20:31:21","modified_gmt":"2026-01-06T19:31:21","slug":"projekt-unijny","status":"publish","type":"page","link":"https:\/\/obrabiarki-cnc.pl\/et\/eli-projekt\/","title":{"rendered":"ELi projekt"},"content":{"rendered":"<h3 class=\"wp-block-heading\">Projekti teave:<\/h3>\n\n\n\n<p><strong>Abisaaja:<\/strong>&nbsp;Elektroonika<\/p>\n\n\n\n<p><strong>Projekti nimi:&nbsp;<\/strong>\"<em>Elektroonika investeerimisvaldkonna arendamine<\/em>\"<\/p>\n\n\n\n<p><strong>Lepingu number:&nbsp;<\/strong>RPWM.01.03.04-28-0024\/19-00<\/p>\n\n\n\n<p><strong>Prioriteetne suund 1<\/strong>&nbsp;- \"Warmia ja Masuuria arukas majandus\".<\/p>\n\n\n\n<p><strong>Meede 1.3.&nbsp;<\/strong>- Ettev\u00f5tlus (ettev\u00f5tluse toetamine)<\/p>\n\n\n\n<p><strong>Alameede 1.3.4<\/strong>. - \"Investeerimisalad\"<\/p>\n\n\n\n<figure class=\"wp-block-image size-large\"><img decoding=\"async\" width=\"1024\" height=\"98\" src=\"https:\/\/obrabiarki-cnc.pl\/wp-content\/uploads\/2024\/01\/logo-fundusze-uniijne-1024x98.jpg\" alt=\"\" class=\"wp-image-629\" title=\"\" srcset=\"https:\/\/obrabiarki-cnc.pl\/wp-content\/uploads\/2024\/01\/logo-fundusze-uniijne-1024x98.jpg 1024w, https:\/\/obrabiarki-cnc.pl\/wp-content\/uploads\/2024\/01\/logo-fundusze-uniijne-300x29.jpg 300w, https:\/\/obrabiarki-cnc.pl\/wp-content\/uploads\/2024\/01\/logo-fundusze-uniijne-768x74.jpg 768w, https:\/\/obrabiarki-cnc.pl\/wp-content\/uploads\/2024\/01\/logo-fundusze-uniijne-1536x148.jpg 1536w, https:\/\/obrabiarki-cnc.pl\/wp-content\/uploads\/2024\/01\/logo-fundusze-uniijne.jpg 1863w\" sizes=\"(max-width: 1024px) 100vw, 1024px\" \/><\/figure>","protected":false},"excerpt":{"rendered":"<p>Informacje o projekcie: Beneficjent:&nbsp;Plot Electronics Nazwa Projektu:&nbsp;\"Uzbrojenie teren\u00f3w inwestycyjnych przedsi\u0119biorstwa Plot Electronics\" Numer umowy:&nbsp;RPWM.01.03.04-28-0024\/19-00 W ramach osi Priorytetowej 1&nbsp;- \"Inteligentna Gospodarka Warmii i Mazur\" Dzia\u0142ania 1.3.&nbsp;- Przedsi\u0119biorczo\u015b\u0107 (Wsparcie Przedsi\u0119biorczo\u015bci) Poddzia\u0142ania 1.3.4. - \"Tereny Inwestycyjne\"<\/p>","protected":false},"author":3,"featured_media":0,"parent":0,"menu_order":0,"comment_status":"closed","ping_status":"closed","template":"","meta":{"_acf_changed":false,"inline_featured_image":false,"footnotes":""},"class_list":["post-49","page","type-page","status-publish","hentry"],"acf":[],"_links":{"self":[{"href":"https:\/\/obrabiarki-cnc.pl\/et\/wp-json\/wp\/v2\/pages\/49","targetHints":{"allow":["GET"]}}],"collection":[{"href":"https:\/\/obrabiarki-cnc.pl\/et\/wp-json\/wp\/v2\/pages"}],"about":[{"href":"https:\/\/obrabiarki-cnc.pl\/et\/wp-json\/wp\/v2\/types\/page"}],"author":[{"embeddable":true,"href":"https:\/\/obrabiarki-cnc.pl\/et\/wp-json\/wp\/v2\/users\/3"}],"replies":[{"embeddable":true,"href":"https:\/\/obrabiarki-cnc.pl\/et\/wp-json\/wp\/v2\/comments?post=49"}],"version-history":[{"count":0,"href":"https:\/\/obrabiarki-cnc.pl\/et\/wp-json\/wp\/v2\/pages\/49\/revisions"}],"wp:attachment":[{"href":"https:\/\/obrabiarki-cnc.pl\/et\/wp-json\/wp\/v2\/media?parent=49"}],"curies":[{"name":"wp","href":"https:\/\/api.w.org\/{rel}","templated":true}]}}